{"id":30193,"date":"2022-08-08T09:48:28","date_gmt":"2022-08-08T09:48:28","guid":{"rendered":"https:\/\/casaecomigoimobiliaria.pt\/vender\/"},"modified":"2022-08-18T11:49:55","modified_gmt":"2022-08-18T11:49:55","slug":"sell","status":"publish","type":"page","link":"https:\/\/casaecomigoimobiliaria.pt\/en\/sell\/","title":{"rendered":"Sell"},"content":{"rendered":"\t\t<div data-elementor-type=\"wp-page\" data-elementor-id=\"30193\" class=\"elementor elementor-30193 elementor-29894\">\n\t\t\t\t\t\t\t\t\t<section class=\"elementor-section elementor-top-section elementor-element elementor-element-4d71c819 animated-slow elementor-section-content-middle elementor-section-stretched elementor-section-boxed elementor-section-height-default elementor-section-height-default elementor-invisible\" data-id=\"4d71c819\" data-element_type=\"section\" data-settings=\"{&quot;background_background&quot;:&quot;classic&quot;,&quot;animation&quot;:&quot;fadeIn&quot;,&quot;stretch_section&quot;:&quot;section-stretched&quot;}\">\n\t\t\t\t\t\t\t<div class=\"elementor-background-overlay\"><\/div>\n\t\t\t\t\t\t\t<div class=\"elementor-container elementor-column-gap-no\">\n\t\t\t\t\t<div class=\"elementor-column elementor-col-100 elementor-top-column elementor-element elementor-element-291871be\" data-id=\"291871be\" data-element_type=\"column\" data-settings=\"{&quot;background_background&quot;:&quot;classic&quot;}\">\n\t\t\t<div class=\"elementor-widget-wrap elementor-element-populated\">\n\t\t\t\t\t\t\t\t<div class=\"elementor-element elementor-element-5a4c8b99 elementor-widget elementor-widget-heading\" data-id=\"5a4c8b99\" data-element_type=\"widget\" data-widget_type=\"heading.default\">\n\t\t\t\t<div class=\"elementor-widget-container\">\n\t\t\t<style>\/*! elementor - v3.6.6 - 08-06-2022 *\/\n.elementor-heading-title{padding:0;margin:0;line-height:1}.elementor-widget-heading .elementor-heading-title[class*=elementor-size-]>a{color:inherit;font-size:inherit;line-height:inherit}.elementor-widget-heading .elementor-heading-title.elementor-size-small{font-size:15px}.elementor-widget-heading .elementor-heading-title.elementor-size-medium{font-size:19px}.elementor-widget-heading .elementor-heading-title.elementor-size-large{font-size:29px}.elementor-widget-heading .elementor-heading-title.elementor-size-xl{font-size:39px}.elementor-widget-heading .elementor-heading-title.elementor-size-xxl{font-size:59px}<\/style><h2 class=\"elementor-heading-title elementor-size-default\">Find out what your property is worth today<\/h2>\t\t<\/div>\n\t\t\t\t<\/div>\n\t\t\t\t\t<\/div>\n\t\t<\/div>\n\t\t\t\t\t\t\t<\/div>\n\t\t<\/section>\n\t\t\t\t<section class=\"elementor-section elementor-top-section elementor-element elementor-element-7c809e41 elementor-section-stretched elementor-section-boxed elementor-section-height-default elementor-section-height-default\" data-id=\"7c809e41\" data-element_type=\"section\" data-settings=\"{&quot;stretch_section&quot;:&quot;section-stretched&quot;,&quot;background_background&quot;:&quot;classic&quot;}\">\n\t\t\t\t\t\t\t<div class=\"elementor-background-overlay\"><\/div>\n\t\t\t\t\t\t\t<div class=\"elementor-container elementor-column-gap-default\">\n\t\t\t\t\t<div class=\"elementor-column elementor-col-100 elementor-top-column elementor-element elementor-element-7b471cd6\" data-id=\"7b471cd6\" data-element_type=\"column\">\n\t\t\t<div class=\"elementor-widget-wrap elementor-element-populated\">\n\t\t\t\t\t\t\t\t<div class=\"elementor-element elementor-element-5116378 elementor-invisible elementor-widget elementor-widget-white-box-info\" data-id=\"5116378\" data-element_type=\"widget\" data-settings=\"{&quot;_animation&quot;:&quot;fadeInLeft&quot;}\" data-widget_type=\"white-box-info.default\">\n\t\t\t\t<div class=\"elementor-widget-container\">\n\t\t\t<div class=\"contact-wrapper white-box-info\">\r\n    <div class=\"contact_page_company_details\">\r\n        <div class=\"company_headline\">\r\n            <h4>Find out today how much you can earn with the sale of your property<\/h4>\r\n            <div class=\"company_headlin_addr\">The Real Estate Casa \u00e9 Comigo, is composed of a team of consultants who are trained and motivated to give more value to your \"home\"!<\/div>\r\n        <\/div>\r\n        <div class=\"company_headline_content\">\r\n          <p>Let us know, in as much detail as possible, what your property is like by filling out the form below.<\/p>\r\n        <\/div>\r\n      <\/div>\r\n    <\/div>\t\t<\/div>\n\t\t\t\t<\/div>\n\t\t\t\t<div class=\"elementor-element elementor-element-02fdf7d elementor-invisible elementor-widget elementor-widget-white-box-info\" data-id=\"02fdf7d\" data-element_type=\"widget\" data-settings=\"{&quot;_animation&quot;:&quot;fadeInRight&quot;}\" data-widget_type=\"white-box-info.default\">\n\t\t\t\t<div class=\"elementor-widget-container\">\n\t\t\t<div class=\"contact-wrapper white-box-info\">\r\n    <div class=\"contact_page_company_details\">\r\n        <div class=\"company_headline\">\r\n            <h4>How much can I earn today by selling my property?<\/h4>\r\n            <div class=\"company_headlin_addr\"><\/div>\r\n        <\/div>\r\n        <div class=\"company_headline_content\">\r\n          <div role=\"form\" class=\"wpcf7\" id=\"wpcf7-f30204-o1\" lang=\"en-US\" dir=\"ltr\">\n<div class=\"screen-reader-response\"><p role=\"status\" aria-live=\"polite\" aria-atomic=\"true\"><\/p> <ul><\/ul><\/div>\n<form action=\"\/en\/wp-json\/wp\/v2\/pages\/30193#wpcf7-f30204-o1\" method=\"post\" class=\"wpcf7-form init\" novalidate=\"novalidate\" data-status=\"init\">\n<div style=\"display: none;\">\n<input type=\"hidden\" name=\"_wpcf7\" value=\"30204\" \/>\n<input type=\"hidden\" name=\"_wpcf7_version\" value=\"5.6.1\" \/>\n<input type=\"hidden\" name=\"_wpcf7_locale\" value=\"en_US\" \/>\n<input type=\"hidden\" name=\"_wpcf7_unit_tag\" value=\"wpcf7-f30204-o1\" \/>\n<input type=\"hidden\" name=\"_wpcf7_container_post\" value=\"0\" \/>\n<input type=\"hidden\" name=\"_wpcf7_posted_data_hash\" value=\"\" \/>\n<input type=\"hidden\" name=\"_wpcf7_recaptcha_response\" value=\"\" \/>\n<\/div>\n<div class=\"elementor-form-fields-wrapper elementor-labels-above\">\n<div class=\"elementor-field-group elementor-column form-group elementor-col-30\">\n<span class=\"wpcf7-form-control-wrap\" data-name=\"your-name\"><input type=\"text\" name=\"your-name\" value=\"\" size=\"40\" class=\"wpcf7-form-control wpcf7-text wpcf7-validates-as-required\" aria-required=\"true\" aria-invalid=\"false\" placeholder=\"Name\" \/><\/span>\n<\/div>\n<div class=\"elementor-field-group elementor-column form-group elementor-col-30\">\n<span class=\"wpcf7-form-control-wrap\" data-name=\"your-tel\"><input type=\"text\" name=\"your-tel\" value=\"\" size=\"40\" class=\"wpcf7-form-control wpcf7-text wpcf7-validates-as-required\" aria-required=\"true\" aria-invalid=\"false\" placeholder=\"Contact\" \/><\/span>\n<\/div>\n<div class=\"elementor-field-group elementor-column form-group elementor-col-30\">\n<span class=\"wpcf7-form-control-wrap\" data-name=\"your-email\"><input type=\"email\" name=\"your-email\" value=\"\" size=\"40\" class=\"wpcf7-form-control wpcf7-text wpcf7-email wpcf7-validates-as-required wpcf7-validates-as-email\" aria-required=\"true\" aria-invalid=\"false\" placeholder=\"Email\" \/><\/span>\n<\/div>\n<div class=\"elementor-field-group elementor-column form-group elementor-col-30\">\n<span class=\"wpcf7-form-control-wrap\" data-name=\"tipo_imovel\"><select name=\"tipo_imovel\" class=\"wpcf7-form-control wpcf7-select wpcf7-validates-as-required\" aria-required=\"true\" aria-invalid=\"false\"><option value=\"Property Type\">Property Type<\/option><option value=\"Home\">Home<\/option><option value=\"Apartment\">Apartment<\/option><option value=\"Land\">Land<\/option><option value=\"Batch\">Batch<\/option><option value=\"Store\">Store<\/option><option value=\"Office\">Office<\/option><option value=\"Garage\">Garage<\/option><\/select><\/span>\n<\/div>\n<div class=\"elementor-field-group elementor-column form-group elementor-col-30\">\n<span class=\"wpcf7-form-control-wrap\" data-name=\"preco_venda_desejado\"><input type=\"text\" name=\"preco_venda_desejado\" value=\"\" size=\"40\" class=\"wpcf7-form-control wpcf7-text wpcf7-validates-as-required\" aria-required=\"true\" aria-invalid=\"false\" placeholder=\"Desired Selling Price\" \/><\/span>\n<\/div>\n<div class=\"elementor-field-group elementor-column form-group elementor-col-30\">\n<span class=\"wpcf7-form-control-wrap\" data-name=\"concelho\"><input type=\"text\" name=\"concelho\" value=\"\" size=\"40\" class=\"wpcf7-form-control wpcf7-text wpcf7-validates-as-required\" aria-required=\"true\" aria-invalid=\"false\" placeholder=\"County\" \/><\/span>\n<\/div>\n<div class=\"elementor-field-group elementor-column form-group elementor-col-30\">\n<span class=\"wpcf7-form-control-wrap\" data-name=\"freguesia\"><input type=\"text\" name=\"freguesia\" value=\"\" size=\"40\" class=\"wpcf7-form-control wpcf7-text wpcf7-validates-as-required\" aria-required=\"true\" aria-invalid=\"false\" placeholder=\"Parish\" \/><\/span>\n<\/div>\n<div class=\"elementor-field-group elementor-column form-group elementor-col-30\">\n<span class=\"wpcf7-form-control-wrap\" data-name=\"morada\"><input type=\"text\" name=\"morada\" value=\"\" size=\"40\" class=\"wpcf7-form-control wpcf7-text wpcf7-validates-as-required\" aria-required=\"true\" aria-invalid=\"false\" placeholder=\"Address\" \/><\/span>\n<\/div>\n<div class=\"elementor-field-group elementor-column form-group elementor-col-30 twoinputs\">\n<span class=\"wpcf7-form-control-wrap\" data-name=\"nr_porta\"><input type=\"text\" name=\"nr_porta\" value=\"\" size=\"40\" class=\"wpcf7-form-control wpcf7-text wpcf7-validates-as-required\" aria-required=\"true\" aria-invalid=\"false\" placeholder=\"Port no.\" \/><\/span><br \/>\n<span class=\"wpcf7-form-control-wrap\" data-name=\"cod_postal\"><input type=\"text\" name=\"cod_postal\" value=\"\" size=\"40\" class=\"wpcf7-form-control wpcf7-text wpcf7-validates-as-required\" aria-required=\"true\" aria-invalid=\"false\" placeholder=\"Postal Code\" \/><\/span>\n<\/div>\n<div class=\"elementor-field-group elementor-column form-group elementor-col-100\">\n<span class=\"wpcf7-form-control-wrap\" data-name=\"message\"><textarea name=\"message\" cols=\"40\" rows=\"10\" class=\"wpcf7-form-control wpcf7-textarea\" aria-invalid=\"false\"><\/textarea><\/span>\n<\/div>\n<div class=\"elementor-field-group elementor-column form-group elementor-col-100\">\n<span class=\"wpcf7-form-control-wrap\" data-name=\"your-authorization\"><span class=\"wpcf7-form-control wpcf7-acceptance\"><span class=\"wpcf7-list-item\"><label><input type=\"checkbox\" name=\"your-authorization\" value=\"1\" aria-invalid=\"false\" \/><span class=\"wpcf7-list-item-label\">I authorize the commercial treatment of my data by <b>Casa \u00e9 Comigo<\/b>.<\/span><\/label><\/span><\/span><\/span><br \/>\n<span class=\"wpcf7-form-control-wrap\" data-name=\"your-privacy\"><span class=\"wpcf7-form-control wpcf7-acceptance\"><span class=\"wpcf7-list-item\"><label><input type=\"checkbox\" name=\"your-privacy\" value=\"1\" aria-invalid=\"false\" \/><span class=\"wpcf7-list-item-label\">I read and accept <a href=\"http:\/\/dev.acorespro.com\/en\/terms-and-conditions\/\" target=\"_blank\">Terms and Conditions<\/a> and the <a href=\"https:\/\/casaecomigoimobiliaria.pt\/en\/privacy-policy\/\" target=\"_blank\">Privacy Policy<\/a>.<\/span><\/label><\/span><\/span><\/span>\n<\/div>\n<div class=\"form-group\">\n<input type=\"submit\" value=\"Send Message\" class=\"wpcf7-form-control has-spinner wpcf7-submit\" \/>\n<\/div>\n<\/div>\n<div class=\"wpcf7-response-output\" aria-hidden=\"true\"><\/div><\/form><\/div>\r\n        <\/div>\r\n      <\/div>\r\n    <\/div>\t\t<\/div>\n\t\t\t\t<\/div>\n\t\t\t\t\t<\/div>\n\t\t<\/div>\n\t\t\t\t\t\t\t<\/div>\n\t\t<\/section>\n\t\t\t\t\t\t\t<\/div>\n\t\t","protected":false},"excerpt":{"rendered":"<p>Find out what your property is worth today Find out today how much you can earn with the sale of your property The Real Estate Casa \u00e9 Comigo, is composed of a team of consultants who are trained and motivated to give more value to your &#8220;home&#8221;! Let us know, in as much detail as possible, what your property is like by filling out &#8230;<\/p>\n","protected":false},"author":1,"featured_media":0,"parent":0,"menu_order":0,"comment_status":"closed","ping_status":"closed","template":"","meta":{"inline_featured_image":false},"acf":[],"yoast_head":"<!-- This site is optimized with the Yoast SEO plugin v19.5.1 - https:\/\/yoast.com\/wordpress\/plugins\/seo\/ -->\n<title>Sell - Casa \u00e9 Comigo Real Estate<\/title>\n<meta name=\"robots\" content=\"index, follow, max-snippet:-1, max-image-preview:large, max-video-preview:-1\" \/>\n<link rel=\"canonical\" href=\"https:\/\/casaecomigoimobiliaria.pt\/en\/sell\/\" \/>\n<meta property=\"og:locale\" content=\"en_US\" \/>\n<meta property=\"og:type\" content=\"article\" \/>\n<meta property=\"og:title\" content=\"Sell - Casa \u00e9 Comigo Real Estate\" \/>\n<meta property=\"og:description\" content=\"Find out what your property is worth today Find out today how much you can earn with the sale of your property The Real Estate Casa \u00e9 Comigo, is composed of a team of consultants who are trained and motivated to give more value to your &#8220;home&#8221;! Let us know, in as much detail as possible, what your property is like by filling out ...\" \/>\n<meta property=\"og:url\" content=\"https:\/\/casaecomigoimobiliaria.pt\/en\/sell\/\" \/>\n<meta property=\"og:site_name\" content=\"Casa \u00e9 Comigo Real Estate\" \/>\n<meta property=\"article:modified_time\" content=\"2022-08-18T11:49:55+00:00\" \/>\n<meta name=\"twitter:card\" content=\"summary_large_image\" \/>\n<meta name=\"twitter:label1\" content=\"Est. reading time\" \/>\n\t<meta name=\"twitter:data1\" content=\"1 minute\" \/>\n<script type=\"application\/ld+json\" class=\"yoast-schema-graph\">{\"@context\":\"https:\/\/schema.org\",\"@graph\":[{\"@type\":\"WebPage\",\"@id\":\"https:\/\/casaecomigoimobiliaria.pt\/en\/sell\/\",\"url\":\"https:\/\/casaecomigoimobiliaria.pt\/en\/sell\/\",\"name\":\"Sell - Casa \u00e9 Comigo Real Estate\",\"isPartOf\":{\"@id\":\"https:\/\/casaecomigoimobiliaria.pt\/#website\"},\"datePublished\":\"2022-08-08T09:48:28+00:00\",\"dateModified\":\"2022-08-18T11:49:55+00:00\",\"breadcrumb\":{\"@id\":\"https:\/\/casaecomigoimobiliaria.pt\/en\/sell\/#breadcrumb\"},\"inLanguage\":\"en-US\",\"potentialAction\":[{\"@type\":\"ReadAction\",\"target\":[\"https:\/\/casaecomigoimobiliaria.pt\/en\/sell\/\"]}]},{\"@type\":\"BreadcrumbList\",\"@id\":\"https:\/\/casaecomigoimobiliaria.pt\/en\/sell\/#breadcrumb\",\"itemListElement\":[{\"@type\":\"ListItem\",\"position\":1,\"name\":\"Home\",\"item\":\"https:\/\/casaecomigoimobiliaria.pt\/en\/\"},{\"@type\":\"ListItem\",\"position\":2,\"name\":\"Sell\"}]},{\"@type\":\"WebSite\",\"@id\":\"https:\/\/casaecomigoimobiliaria.pt\/#website\",\"url\":\"https:\/\/casaecomigoimobiliaria.pt\/\",\"name\":\"Casa \u00e9 Comigo Real Estate\",\"description\":\"Casa \u00e9 Comigo Real Estate - Ponta Delgada, S\u00e3o Miguel - A\u00e7ores\",\"potentialAction\":[{\"@type\":\"SearchAction\",\"target\":{\"@type\":\"EntryPoint\",\"urlTemplate\":\"https:\/\/casaecomigoimobiliaria.pt\/?s={search_term_string}\"},\"query-input\":\"required name=search_term_string\"}],\"inLanguage\":\"en-US\"}]}<\/script>\n<!-- \/ Yoast SEO plugin. -->","yoast_head_json":{"title":"Sell - Casa \u00e9 Comigo Real Estate","robots":{"index":"index","follow":"follow","max-snippet":"max-snippet:-1","max-image-preview":"max-image-preview:large","max-video-preview":"max-video-preview:-1"},"canonical":"https:\/\/casaecomigoimobiliaria.pt\/en\/sell\/","og_locale":"en_US","og_type":"article","og_title":"Sell - Casa \u00e9 Comigo Real Estate","og_description":"Find out what your property is worth today Find out today how much you can earn with the sale of your property The Real Estate Casa \u00e9 Comigo, is composed of a team of consultants who are trained and motivated to give more value to your &#8220;home&#8221;! Let us know, in as much detail as possible, what your property is like by filling out ...","og_url":"https:\/\/casaecomigoimobiliaria.pt\/en\/sell\/","og_site_name":"Casa \u00e9 Comigo Real Estate","article_modified_time":"2022-08-18T11:49:55+00:00","twitter_card":"summary_large_image","twitter_misc":{"Est. reading time":"1 minute"},"schema":{"@context":"https:\/\/schema.org","@graph":[{"@type":"WebPage","@id":"https:\/\/casaecomigoimobiliaria.pt\/en\/sell\/","url":"https:\/\/casaecomigoimobiliaria.pt\/en\/sell\/","name":"Sell - Casa \u00e9 Comigo Real Estate","isPartOf":{"@id":"https:\/\/casaecomigoimobiliaria.pt\/#website"},"datePublished":"2022-08-08T09:48:28+00:00","dateModified":"2022-08-18T11:49:55+00:00","breadcrumb":{"@id":"https:\/\/casaecomigoimobiliaria.pt\/en\/sell\/#breadcrumb"},"inLanguage":"en-US","potentialAction":[{"@type":"ReadAction","target":["https:\/\/casaecomigoimobiliaria.pt\/en\/sell\/"]}]},{"@type":"BreadcrumbList","@id":"https:\/\/casaecomigoimobiliaria.pt\/en\/sell\/#breadcrumb","itemListElement":[{"@type":"ListItem","position":1,"name":"Home","item":"https:\/\/casaecomigoimobiliaria.pt\/en\/"},{"@type":"ListItem","position":2,"name":"Sell"}]},{"@type":"WebSite","@id":"https:\/\/casaecomigoimobiliaria.pt\/#website","url":"https:\/\/casaecomigoimobiliaria.pt\/","name":"Casa \u00e9 Comigo Real Estate","description":"Casa \u00e9 Comigo Real Estate - Ponta Delgada, S\u00e3o Miguel - A\u00e7ores","potentialAction":[{"@type":"SearchAction","target":{"@type":"EntryPoint","urlTemplate":"https:\/\/casaecomigoimobiliaria.pt\/?s={search_term_string}"},"query-input":"required name=search_term_string"}],"inLanguage":"en-US"}]}},"_links":{"self":[{"href":"https:\/\/casaecomigoimobiliaria.pt\/en\/wp-json\/wp\/v2\/pages\/30193"}],"collection":[{"href":"https:\/\/casaecomigoimobiliaria.pt\/en\/wp-json\/wp\/v2\/pages"}],"about":[{"href":"https:\/\/casaecomigoimobiliaria.pt\/en\/wp-json\/wp\/v2\/types\/page"}],"author":[{"embeddable":true,"href":"https:\/\/casaecomigoimobiliaria.pt\/en\/wp-json\/wp\/v2\/users\/1"}],"replies":[{"embeddable":true,"href":"https:\/\/casaecomigoimobiliaria.pt\/en\/wp-json\/wp\/v2\/comments?post=30193"}],"version-history":[{"count":19,"href":"https:\/\/casaecomigoimobiliaria.pt\/en\/wp-json\/wp\/v2\/pages\/30193\/revisions"}],"predecessor-version":[{"id":30869,"href":"https:\/\/casaecomigoimobiliaria.pt\/en\/wp-json\/wp\/v2\/pages\/30193\/revisions\/30869"}],"wp:attachment":[{"href":"https:\/\/casaecomigoimobiliaria.pt\/en\/wp-json\/wp\/v2\/media?parent=30193"}],"curies":[{"name":"wp","href":"https:\/\/api.w.org\/{rel}","templated":true}]}}