{"id":30211,"date":"2022-08-08T12:05:04","date_gmt":"2022-08-08T12:05:04","guid":{"rendered":"https:\/\/casaecomigoimobiliaria.pt\/certificado-energetico\/"},"modified":"2022-08-18T11:54:20","modified_gmt":"2022-08-18T11:54:20","slug":"energetic-certificate","status":"publish","type":"page","link":"https:\/\/casaecomigoimobiliaria.pt\/en\/energetic-certificate\/","title":{"rendered":"Energetic certificate"},"content":{"rendered":"\t\t<div data-elementor-type=\"wp-page\" data-elementor-id=\"30211\" class=\"elementor elementor-30211 elementor-29933\">\n\t\t\t\t\t\t\t\t\t<section class=\"elementor-section elementor-top-section elementor-element elementor-element-3bdd5c92 animated-slow elementor-section-content-middle elementor-section-stretched elementor-section-boxed elementor-section-height-default elementor-section-height-default elementor-invisible\" data-id=\"3bdd5c92\" data-element_type=\"section\" data-settings=\"{&quot;background_background&quot;:&quot;classic&quot;,&quot;animation&quot;:&quot;fadeIn&quot;,&quot;stretch_section&quot;:&quot;section-stretched&quot;}\">\n\t\t\t\t\t\t\t<div class=\"elementor-background-overlay\"><\/div>\n\t\t\t\t\t\t\t<div class=\"elementor-container elementor-column-gap-no\">\n\t\t\t\t\t<div class=\"elementor-column elementor-col-100 elementor-top-column elementor-element elementor-element-3a9e29d6\" data-id=\"3a9e29d6\" data-element_type=\"column\" data-settings=\"{&quot;background_background&quot;:&quot;classic&quot;}\">\n\t\t\t<div class=\"elementor-widget-wrap elementor-element-populated\">\n\t\t\t\t\t\t\t\t<div class=\"elementor-element elementor-element-13a711b elementor-widget elementor-widget-heading\" data-id=\"13a711b\" data-element_type=\"widget\" data-widget_type=\"heading.default\">\n\t\t\t\t<div class=\"elementor-widget-container\">\n\t\t\t<style>\/*! elementor - v3.6.6 - 08-06-2022 *\/\n.elementor-heading-title{padding:0;margin:0;line-height:1}.elementor-widget-heading .elementor-heading-title[class*=elementor-size-]>a{color:inherit;font-size:inherit;line-height:inherit}.elementor-widget-heading .elementor-heading-title.elementor-size-small{font-size:15px}.elementor-widget-heading .elementor-heading-title.elementor-size-medium{font-size:19px}.elementor-widget-heading .elementor-heading-title.elementor-size-large{font-size:29px}.elementor-widget-heading .elementor-heading-title.elementor-size-xl{font-size:39px}.elementor-widget-heading .elementor-heading-title.elementor-size-xxl{font-size:59px}<\/style><h2 class=\"elementor-heading-title elementor-size-default\">Informations<\/h2>\t\t<\/div>\n\t\t\t\t<\/div>\n\t\t\t\t\t<\/div>\n\t\t<\/div>\n\t\t\t\t\t\t\t<\/div>\n\t\t<\/section>\n\t\t\t\t<section class=\"elementor-section elementor-top-section elementor-element elementor-element-8aadf96 elementor-section-stretched elementor-section-boxed elementor-section-height-default elementor-section-height-default\" data-id=\"8aadf96\" data-element_type=\"section\" data-settings=\"{&quot;stretch_section&quot;:&quot;section-stretched&quot;,&quot;background_background&quot;:&quot;classic&quot;}\">\n\t\t\t\t\t\t<div class=\"elementor-container elementor-column-gap-default\">\n\t\t\t\t\t<div class=\"elementor-column elementor-col-50 elementor-top-column elementor-element elementor-element-e215a97\" data-id=\"e215a97\" data-element_type=\"column\">\n\t\t\t<div class=\"elementor-widget-wrap elementor-element-populated\">\n\t\t\t\t\t\t\t\t<div class=\"elementor-element elementor-element-28ce923a elementor-invisible elementor-widget elementor-widget-heading\" data-id=\"28ce923a\" data-element_type=\"widget\" data-settings=\"{&quot;_animation&quot;:&quot;fadeInLeft&quot;,&quot;_animation_delay&quot;:200}\" data-widget_type=\"heading.default\">\n\t\t\t\t<div class=\"elementor-widget-container\">\n\t\t\t<h2 class=\"elementor-heading-title elementor-size-default\">ENERGETIC CERTIFICATION<\/h2>\t\t<\/div>\n\t\t\t\t<\/div>\n\t\t\t\t<div class=\"elementor-element elementor-element-32f3c432 elementor-invisible elementor-widget elementor-widget-heading\" data-id=\"32f3c432\" data-element_type=\"widget\" data-settings=\"{&quot;_animation&quot;:&quot;fadeInLeft&quot;,&quot;_animation_delay&quot;:50}\" data-widget_type=\"heading.default\">\n\t\t\t\t<div class=\"elementor-widget-container\">\n\t\t\t<h2 class=\"elementor-heading-title elementor-size-default\">At the time of the purchase and sale deed, it is mandatory for the seller(s) to present the ENERGY CERTIFICATE.\nThis is a document that assesses the energy efficiency of a property on a scale from A+ (very efficient) to F (not very efficient) and is issued by qualified professionals capable of doing so.\nThe Energy Certificate contains information on the building's constructive characteristics and energy consumption for different uses, such as heating and cooling the house and production of domestic hot water. It also includes improvement measures to reduce consumption, such as installing double glazing, reinforcing insulation or installing more efficient equipment.\nFor this, at Casa \u00c9 Comigo we work directly with qualified professionals to issue this certificate, so you don't have to worry about this. Our procedural department handles all communication and inspection scheduling with the certified professional.\n<\/h2>\t\t<\/div>\n\t\t\t\t<\/div>\n\t\t\t\t\t<\/div>\n\t\t<\/div>\n\t\t\t\t<div class=\"elementor-column elementor-col-50 elementor-top-column elementor-element elementor-element-dd9bf76\" data-id=\"dd9bf76\" data-element_type=\"column\">\n\t\t\t<div class=\"elementor-widget-wrap elementor-element-populated\">\n\t\t\t\t\t\t\t\t<div class=\"elementor-element elementor-element-aa51315 elementor-invisible elementor-widget elementor-widget-image\" data-id=\"aa51315\" data-element_type=\"widget\" data-settings=\"{&quot;_animation&quot;:&quot;fadeInRight&quot;}\" data-widget_type=\"image.default\">\n\t\t\t\t<div class=\"elementor-widget-container\">\n\t\t\t<style>\/*! elementor - v3.6.6 - 08-06-2022 *\/\n.elementor-widget-image{text-align:center}.elementor-widget-image a{display:inline-block}.elementor-widget-image a img[src$=\".svg\"]{width:48px}.elementor-widget-image img{vertical-align:middle;display:inline-block}<\/style>\t\t\t\t\t\t\t\t\t\t\t\t<img width=\"768\" height=\"662\" src=\"https:\/\/casaecomigoimobiliaria.pt\/wp-content\/uploads\/2022\/08\/solar-panel-with-blue-sky-sunset-concept-clean-energy-electric-alternative-power-nature-768x662.jpg\" class=\"attachment-property_featured_sidebar size-property_featured_sidebar\" alt=\"\" loading=\"lazy\" \/>\t\t\t\t\t\t\t\t\t\t\t\t\t\t\t<\/div>\n\t\t\t\t<\/div>\n\t\t\t\t\t<\/div>\n\t\t<\/div>\n\t\t\t\t\t\t\t<\/div>\n\t\t<\/section>\n\t\t\t\t\t\t\t<\/div>\n\t\t","protected":false},"excerpt":{"rendered":"<p>Informations ENERGETIC CERTIFICATION At the time of the purchase and sale deed, it is mandatory for the seller(s) to present the ENERGY CERTIFICATE. This is a document that assesses the energy efficiency of a property on a scale from A+ (very efficient) to F (not very efficient) and is issued by qualified professionals capable of doing so. The Energy Certificate contains information on the &#8230;<\/p>\n","protected":false},"author":1,"featured_media":0,"parent":0,"menu_order":0,"comment_status":"closed","ping_status":"closed","template":"","meta":{"inline_featured_image":false},"acf":[],"yoast_head":"<!-- This site is optimized with the Yoast SEO plugin v19.5.1 - https:\/\/yoast.com\/wordpress\/plugins\/seo\/ -->\n<title>Energetic certificate - Casa \u00e9 Comigo Real Estate<\/title>\n<meta name=\"robots\" content=\"index, follow, max-snippet:-1, max-image-preview:large, max-video-preview:-1\" \/>\n<link rel=\"canonical\" href=\"https:\/\/casaecomigoimobiliaria.pt\/en\/energetic-certificate\/\" \/>\n<meta property=\"og:locale\" content=\"en_US\" \/>\n<meta property=\"og:type\" content=\"article\" \/>\n<meta property=\"og:title\" content=\"Energetic certificate - Casa \u00e9 Comigo Real Estate\" \/>\n<meta property=\"og:description\" content=\"Informations ENERGETIC CERTIFICATION At the time of the purchase and sale deed, it is mandatory for the seller(s) to present the ENERGY CERTIFICATE. This is a document that assesses the energy efficiency of a property on a scale from A+ (very efficient) to F (not very efficient) and is issued by qualified professionals capable of doing so. The Energy Certificate contains information on the ...\" \/>\n<meta property=\"og:url\" content=\"https:\/\/casaecomigoimobiliaria.pt\/en\/energetic-certificate\/\" \/>\n<meta property=\"og:site_name\" content=\"Casa \u00e9 Comigo Real Estate\" \/>\n<meta property=\"article:modified_time\" content=\"2022-08-18T11:54:20+00:00\" \/>\n<meta property=\"og:image\" content=\"https:\/\/casaecomigoimobiliaria.pt\/wp-content\/uploads\/2022\/08\/solar-panel-with-blue-sky-sunset-concept-clean-energy-electric-alternative-power-nature-768x662.jpg\" \/>\n<meta name=\"twitter:card\" content=\"summary_large_image\" \/>\n<meta name=\"twitter:label1\" content=\"Est. reading time\" \/>\n\t<meta name=\"twitter:data1\" content=\"1 minute\" \/>\n<script type=\"application\/ld+json\" class=\"yoast-schema-graph\">{\"@context\":\"https:\/\/schema.org\",\"@graph\":[{\"@type\":\"WebPage\",\"@id\":\"https:\/\/casaecomigoimobiliaria.pt\/en\/energetic-certificate\/\",\"url\":\"https:\/\/casaecomigoimobiliaria.pt\/en\/energetic-certificate\/\",\"name\":\"Energetic certificate - Casa \u00e9 Comigo Real Estate\",\"isPartOf\":{\"@id\":\"https:\/\/casaecomigoimobiliaria.pt\/#website\"},\"datePublished\":\"2022-08-08T12:05:04+00:00\",\"dateModified\":\"2022-08-18T11:54:20+00:00\",\"breadcrumb\":{\"@id\":\"https:\/\/casaecomigoimobiliaria.pt\/en\/energetic-certificate\/#breadcrumb\"},\"inLanguage\":\"en-US\",\"potentialAction\":[{\"@type\":\"ReadAction\",\"target\":[\"https:\/\/casaecomigoimobiliaria.pt\/en\/energetic-certificate\/\"]}]},{\"@type\":\"BreadcrumbList\",\"@id\":\"https:\/\/casaecomigoimobiliaria.pt\/en\/energetic-certificate\/#breadcrumb\",\"itemListElement\":[{\"@type\":\"ListItem\",\"position\":1,\"name\":\"Home\",\"item\":\"https:\/\/casaecomigoimobiliaria.pt\/en\/\"},{\"@type\":\"ListItem\",\"position\":2,\"name\":\"Energetic certificate\"}]},{\"@type\":\"WebSite\",\"@id\":\"https:\/\/casaecomigoimobiliaria.pt\/#website\",\"url\":\"https:\/\/casaecomigoimobiliaria.pt\/\",\"name\":\"Casa \u00e9 Comigo Real Estate\",\"description\":\"Casa \u00e9 Comigo Real Estate - Ponta Delgada, S\u00e3o Miguel - A\u00e7ores\",\"potentialAction\":[{\"@type\":\"SearchAction\",\"target\":{\"@type\":\"EntryPoint\",\"urlTemplate\":\"https:\/\/casaecomigoimobiliaria.pt\/?s={search_term_string}\"},\"query-input\":\"required name=search_term_string\"}],\"inLanguage\":\"en-US\"}]}<\/script>\n<!-- \/ Yoast SEO plugin. -->","yoast_head_json":{"title":"Energetic certificate - Casa \u00e9 Comigo Real Estate","robots":{"index":"index","follow":"follow","max-snippet":"max-snippet:-1","max-image-preview":"max-image-preview:large","max-video-preview":"max-video-preview:-1"},"canonical":"https:\/\/casaecomigoimobiliaria.pt\/en\/energetic-certificate\/","og_locale":"en_US","og_type":"article","og_title":"Energetic certificate - Casa \u00e9 Comigo Real Estate","og_description":"Informations ENERGETIC CERTIFICATION At the time of the purchase and sale deed, it is mandatory for the seller(s) to present the ENERGY CERTIFICATE. This is a document that assesses the energy efficiency of a property on a scale from A+ (very efficient) to F (not very efficient) and is issued by qualified professionals capable of doing so. The Energy Certificate contains information on the ...","og_url":"https:\/\/casaecomigoimobiliaria.pt\/en\/energetic-certificate\/","og_site_name":"Casa \u00e9 Comigo Real Estate","article_modified_time":"2022-08-18T11:54:20+00:00","og_image":[{"url":"https:\/\/casaecomigoimobiliaria.pt\/wp-content\/uploads\/2022\/08\/solar-panel-with-blue-sky-sunset-concept-clean-energy-electric-alternative-power-nature-768x662.jpg"}],"twitter_card":"summary_large_image","twitter_misc":{"Est. reading time":"1 minute"},"schema":{"@context":"https:\/\/schema.org","@graph":[{"@type":"WebPage","@id":"https:\/\/casaecomigoimobiliaria.pt\/en\/energetic-certificate\/","url":"https:\/\/casaecomigoimobiliaria.pt\/en\/energetic-certificate\/","name":"Energetic certificate - Casa \u00e9 Comigo Real Estate","isPartOf":{"@id":"https:\/\/casaecomigoimobiliaria.pt\/#website"},"datePublished":"2022-08-08T12:05:04+00:00","dateModified":"2022-08-18T11:54:20+00:00","breadcrumb":{"@id":"https:\/\/casaecomigoimobiliaria.pt\/en\/energetic-certificate\/#breadcrumb"},"inLanguage":"en-US","potentialAction":[{"@type":"ReadAction","target":["https:\/\/casaecomigoimobiliaria.pt\/en\/energetic-certificate\/"]}]},{"@type":"BreadcrumbList","@id":"https:\/\/casaecomigoimobiliaria.pt\/en\/energetic-certificate\/#breadcrumb","itemListElement":[{"@type":"ListItem","position":1,"name":"Home","item":"https:\/\/casaecomigoimobiliaria.pt\/en\/"},{"@type":"ListItem","position":2,"name":"Energetic certificate"}]},{"@type":"WebSite","@id":"https:\/\/casaecomigoimobiliaria.pt\/#website","url":"https:\/\/casaecomigoimobiliaria.pt\/","name":"Casa \u00e9 Comigo Real Estate","description":"Casa \u00e9 Comigo Real Estate - Ponta Delgada, S\u00e3o Miguel - A\u00e7ores","potentialAction":[{"@type":"SearchAction","target":{"@type":"EntryPoint","urlTemplate":"https:\/\/casaecomigoimobiliaria.pt\/?s={search_term_string}"},"query-input":"required name=search_term_string"}],"inLanguage":"en-US"}]}},"_links":{"self":[{"href":"https:\/\/casaecomigoimobiliaria.pt\/en\/wp-json\/wp\/v2\/pages\/30211"}],"collection":[{"href":"https:\/\/casaecomigoimobiliaria.pt\/en\/wp-json\/wp\/v2\/pages"}],"about":[{"href":"https:\/\/casaecomigoimobiliaria.pt\/en\/wp-json\/wp\/v2\/types\/page"}],"author":[{"embeddable":true,"href":"https:\/\/casaecomigoimobiliaria.pt\/en\/wp-json\/wp\/v2\/users\/1"}],"replies":[{"embeddable":true,"href":"https:\/\/casaecomigoimobiliaria.pt\/en\/wp-json\/wp\/v2\/comments?post=30211"}],"version-history":[{"count":10,"href":"https:\/\/casaecomigoimobiliaria.pt\/en\/wp-json\/wp\/v2\/pages\/30211\/revisions"}],"predecessor-version":[{"id":30881,"href":"https:\/\/casaecomigoimobiliaria.pt\/en\/wp-json\/wp\/v2\/pages\/30211\/revisions\/30881"}],"wp:attachment":[{"href":"https:\/\/casaecomigoimobiliaria.pt\/en\/wp-json\/wp\/v2\/media?parent=30211"}],"curies":[{"name":"wp","href":"https:\/\/api.w.org\/{rel}","templated":true}]}}