{"id":30216,"date":"2022-08-08T12:29:15","date_gmt":"2022-08-08T12:29:15","guid":{"rendered":"https:\/\/casaecomigoimobiliaria.pt\/imt\/"},"modified":"2022-08-18T12:02:05","modified_gmt":"2022-08-18T12:02:05","slug":"imt","status":"publish","type":"page","link":"https:\/\/casaecomigoimobiliaria.pt\/en\/imt\/","title":{"rendered":"IMT"},"content":{"rendered":"\t\t<div data-elementor-type=\"wp-page\" data-elementor-id=\"30216\" class=\"elementor elementor-30216 elementor-29976\">\n\t\t\t\t\t\t\t\t\t<section class=\"elementor-section elementor-top-section elementor-element elementor-element-341d8700 animated-slow elementor-section-content-middle elementor-section-stretched elementor-section-boxed elementor-section-height-default elementor-section-height-default elementor-invisible\" data-id=\"341d8700\" data-element_type=\"section\" data-settings=\"{&quot;background_background&quot;:&quot;classic&quot;,&quot;animation&quot;:&quot;fadeIn&quot;,&quot;stretch_section&quot;:&quot;section-stretched&quot;}\">\n\t\t\t\t\t\t\t<div class=\"elementor-background-overlay\"><\/div>\n\t\t\t\t\t\t\t<div class=\"elementor-container elementor-column-gap-no\">\n\t\t\t\t\t<div class=\"elementor-column elementor-col-100 elementor-top-column elementor-element elementor-element-3ef1672f\" data-id=\"3ef1672f\" data-element_type=\"column\" data-settings=\"{&quot;background_background&quot;:&quot;classic&quot;}\">\n\t\t\t<div class=\"elementor-widget-wrap elementor-element-populated\">\n\t\t\t\t\t\t\t\t<div class=\"elementor-element elementor-element-48e720d4 elementor-widget elementor-widget-heading\" data-id=\"48e720d4\" data-element_type=\"widget\" data-widget_type=\"heading.default\">\n\t\t\t\t<div class=\"elementor-widget-container\">\n\t\t\t<style>\/*! elementor - v3.6.6 - 08-06-2022 *\/\n.elementor-heading-title{padding:0;margin:0;line-height:1}.elementor-widget-heading .elementor-heading-title[class*=elementor-size-]>a{color:inherit;font-size:inherit;line-height:inherit}.elementor-widget-heading .elementor-heading-title.elementor-size-small{font-size:15px}.elementor-widget-heading .elementor-heading-title.elementor-size-medium{font-size:19px}.elementor-widget-heading .elementor-heading-title.elementor-size-large{font-size:29px}.elementor-widget-heading .elementor-heading-title.elementor-size-xl{font-size:39px}.elementor-widget-heading .elementor-heading-title.elementor-size-xxl{font-size:59px}<\/style><h2 class=\"elementor-heading-title elementor-size-default\">Informations<\/h2>\t\t<\/div>\n\t\t\t\t<\/div>\n\t\t\t\t\t<\/div>\n\t\t<\/div>\n\t\t\t\t\t\t\t<\/div>\n\t\t<\/section>\n\t\t\t\t<section class=\"elementor-section elementor-top-section elementor-element elementor-element-15514e1d elementor-section-boxed elementor-section-height-default elementor-section-height-default\" data-id=\"15514e1d\" data-element_type=\"section\" data-settings=\"{&quot;background_background&quot;:&quot;classic&quot;}\">\n\t\t\t\t\t\t<div class=\"elementor-container elementor-column-gap-default\">\n\t\t\t\t\t<div class=\"elementor-column elementor-col-100 elementor-top-column elementor-element elementor-element-5fb8dce2\" data-id=\"5fb8dce2\" data-element_type=\"column\">\n\t\t\t<div class=\"elementor-widget-wrap elementor-element-populated\">\n\t\t\t\t\t\t\t\t<section class=\"elementor-section elementor-inner-section elementor-element elementor-element-2e60f8eb elementor-section-boxed elementor-section-height-default elementor-section-height-default elementor-invisible\" data-id=\"2e60f8eb\" data-element_type=\"section\" data-settings=\"{&quot;background_background&quot;:&quot;classic&quot;,&quot;animation&quot;:&quot;fadeInDown&quot;}\">\n\t\t\t\t\t\t<div class=\"elementor-container elementor-column-gap-default\">\n\t\t\t\t\t<div class=\"elementor-column elementor-col-50 elementor-inner-column elementor-element elementor-element-5f9c7bcc\" data-id=\"5f9c7bcc\" data-element_type=\"column\" data-settings=\"{&quot;background_background&quot;:&quot;classic&quot;}\">\n\t\t\t<div class=\"elementor-widget-wrap elementor-element-populated\">\n\t\t\t\t\t<div class=\"elementor-background-overlay\"><\/div>\n\t\t\t\t\t\t\t\t\t<\/div>\n\t\t<\/div>\n\t\t\t\t<div class=\"elementor-column elementor-col-50 elementor-inner-column elementor-element elementor-element-6a2d5488\" data-id=\"6a2d5488\" data-element_type=\"column\">\n\t\t\t<div class=\"elementor-widget-wrap elementor-element-populated\">\n\t\t\t\t\t\t\t\t<div class=\"elementor-element elementor-element-1fc98868 elementor-invisible elementor-widget elementor-widget-heading\" data-id=\"1fc98868\" data-element_type=\"widget\" data-settings=\"{&quot;_animation&quot;:&quot;fadeIn&quot;,&quot;_animation_delay&quot;:200}\" data-widget_type=\"heading.default\">\n\t\t\t\t<div class=\"elementor-widget-container\">\n\t\t\t<h2 class=\"elementor-heading-title elementor-size-default\">IMT<\/h2>\t\t<\/div>\n\t\t\t\t<\/div>\n\t\t\t\t<div class=\"elementor-element elementor-element-1af24538 elementor-invisible elementor-widget elementor-widget-text-editor\" data-id=\"1af24538\" data-element_type=\"widget\" data-settings=\"{&quot;_animation&quot;:&quot;fadeIn&quot;,&quot;_animation_delay&quot;:100}\" data-widget_type=\"text-editor.default\">\n\t\t\t\t<div class=\"elementor-widget-container\">\n\t\t\t<style>\/*! elementor - v3.6.6 - 08-06-2022 *\/\n.elementor-widget-text-editor.elementor-drop-cap-view-stacked .elementor-drop-cap{background-color:#818a91;color:#fff}.elementor-widget-text-editor.elementor-drop-cap-view-framed .elementor-drop-cap{color:#818a91;border:3px solid;background-color:transparent}.elementor-widget-text-editor:not(.elementor-drop-cap-view-default) .elementor-drop-cap{margin-top:8px}.elementor-widget-text-editor:not(.elementor-drop-cap-view-default) .elementor-drop-cap-letter{width:1em;height:1em}.elementor-widget-text-editor .elementor-drop-cap{float:left;text-align:center;line-height:1;font-size:50px}.elementor-widget-text-editor .elementor-drop-cap-letter{display:inline-block}<\/style>\t\t\t\t<p>Before the purchase and sale deed, it is the obligation of the buyer(s) to pay taxes \u2013 IMT: Municipal Tax on Onerous Property Transfers and IS: Stamp Duty.<\/p><p>This is a tax paid whenever there is a change in ownership of the property, it varies depending on the acquisition value or the asset value (it is always considered the highest), depending on the location of the property (Autonomous Regions and Mainland Portugal) and its purpose, and in some cases may also be exempt from paying the respective IMT.<\/p>\t\t\t\t\t\t<\/div>\n\t\t\t\t<\/div>\n\t\t\t\t<div class=\"elementor-element elementor-element-a909d5a elementor-align-center elementor-widget elementor-widget-button\" data-id=\"a909d5a\" data-element_type=\"widget\" data-widget_type=\"button.default\">\n\t\t\t\t<div class=\"elementor-widget-container\">\n\t\t\t\t\t<div class=\"elementor-button-wrapper\">\n\t\t\t<a href=\"https:\/\/apemip.pt\/simulador-de-imt-e-is\/\" target=\"_blank\" class=\"elementor-button-link elementor-button elementor-size-md\" role=\"button\" id=\"btsimulacao\">\n\t\t\t\t\t\t<span class=\"elementor-button-content-wrapper\">\n\t\t\t\t\t\t<span class=\"elementor-button-text\">Make Your Simulation Here<\/span>\n\t\t<\/span>\n\t\t\t\t\t<\/a>\n\t\t<\/div>\n\t\t\t\t<\/div>\n\t\t\t\t<\/div>\n\t\t\t\t\t<\/div>\n\t\t<\/div>\n\t\t\t\t\t\t\t<\/div>\n\t\t<\/section>\n\t\t\t\t\t<\/div>\n\t\t<\/div>\n\t\t\t\t\t\t\t<\/div>\n\t\t<\/section>\n\t\t\t\t\t\t\t<\/div>\n\t\t","protected":false},"excerpt":{"rendered":"<p>Informations IMT Before the purchase and sale deed, it is the obligation of the buyer(s) to pay taxes \u2013 IMT: Municipal Tax on Onerous Property Transfers and IS: Stamp Duty. This is a tax paid whenever there is a change in ownership of the property, it varies depending on the acquisition value or the asset value (it is always considered the highest), depending on &#8230;<\/p>\n","protected":false},"author":1,"featured_media":0,"parent":0,"menu_order":0,"comment_status":"closed","ping_status":"closed","template":"","meta":{"inline_featured_image":false},"acf":[],"yoast_head":"<!-- This site is optimized with the Yoast SEO plugin v19.5.1 - https:\/\/yoast.com\/wordpress\/plugins\/seo\/ -->\n<title>IMT - Casa \u00e9 Comigo Real Estate<\/title>\n<meta name=\"robots\" content=\"index, follow, max-snippet:-1, max-image-preview:large, max-video-preview:-1\" \/>\n<link rel=\"canonical\" href=\"https:\/\/casaecomigoimobiliaria.pt\/en\/imt\/\" \/>\n<meta property=\"og:locale\" content=\"en_US\" \/>\n<meta property=\"og:type\" content=\"article\" \/>\n<meta property=\"og:title\" content=\"IMT - Casa \u00e9 Comigo Real Estate\" \/>\n<meta property=\"og:description\" content=\"Informations IMT Before the purchase and sale deed, it is the obligation of the buyer(s) to pay taxes \u2013 IMT: Municipal Tax on Onerous Property Transfers and IS: Stamp Duty. This is a tax paid whenever there is a change in ownership of the property, it varies depending on the acquisition value or the asset value (it is always considered the highest), depending on ...\" \/>\n<meta property=\"og:url\" content=\"https:\/\/casaecomigoimobiliaria.pt\/en\/imt\/\" \/>\n<meta property=\"og:site_name\" content=\"Casa \u00e9 Comigo Real Estate\" \/>\n<meta property=\"article:modified_time\" content=\"2022-08-18T12:02:05+00:00\" \/>\n<meta name=\"twitter:card\" content=\"summary_large_image\" \/>\n<meta name=\"twitter:label1\" content=\"Est. reading time\" \/>\n\t<meta name=\"twitter:data1\" content=\"1 minute\" \/>\n<script type=\"application\/ld+json\" class=\"yoast-schema-graph\">{\"@context\":\"https:\/\/schema.org\",\"@graph\":[{\"@type\":\"WebPage\",\"@id\":\"https:\/\/casaecomigoimobiliaria.pt\/en\/imt\/\",\"url\":\"https:\/\/casaecomigoimobiliaria.pt\/en\/imt\/\",\"name\":\"IMT - Casa \u00e9 Comigo Real Estate\",\"isPartOf\":{\"@id\":\"https:\/\/casaecomigoimobiliaria.pt\/#website\"},\"datePublished\":\"2022-08-08T12:29:15+00:00\",\"dateModified\":\"2022-08-18T12:02:05+00:00\",\"breadcrumb\":{\"@id\":\"https:\/\/casaecomigoimobiliaria.pt\/en\/imt\/#breadcrumb\"},\"inLanguage\":\"en-US\",\"potentialAction\":[{\"@type\":\"ReadAction\",\"target\":[\"https:\/\/casaecomigoimobiliaria.pt\/en\/imt\/\"]}]},{\"@type\":\"BreadcrumbList\",\"@id\":\"https:\/\/casaecomigoimobiliaria.pt\/en\/imt\/#breadcrumb\",\"itemListElement\":[{\"@type\":\"ListItem\",\"position\":1,\"name\":\"Home\",\"item\":\"https:\/\/casaecomigoimobiliaria.pt\/en\/\"},{\"@type\":\"ListItem\",\"position\":2,\"name\":\"IMT\"}]},{\"@type\":\"WebSite\",\"@id\":\"https:\/\/casaecomigoimobiliaria.pt\/#website\",\"url\":\"https:\/\/casaecomigoimobiliaria.pt\/\",\"name\":\"Casa \u00e9 Comigo Real Estate\",\"description\":\"Casa \u00e9 Comigo Real Estate - Ponta Delgada, S\u00e3o Miguel - A\u00e7ores\",\"potentialAction\":[{\"@type\":\"SearchAction\",\"target\":{\"@type\":\"EntryPoint\",\"urlTemplate\":\"https:\/\/casaecomigoimobiliaria.pt\/?s={search_term_string}\"},\"query-input\":\"required name=search_term_string\"}],\"inLanguage\":\"en-US\"}]}<\/script>\n<!-- \/ Yoast SEO plugin. -->","yoast_head_json":{"title":"IMT - Casa \u00e9 Comigo Real Estate","robots":{"index":"index","follow":"follow","max-snippet":"max-snippet:-1","max-image-preview":"max-image-preview:large","max-video-preview":"max-video-preview:-1"},"canonical":"https:\/\/casaecomigoimobiliaria.pt\/en\/imt\/","og_locale":"en_US","og_type":"article","og_title":"IMT - Casa \u00e9 Comigo Real Estate","og_description":"Informations IMT Before the purchase and sale deed, it is the obligation of the buyer(s) to pay taxes \u2013 IMT: Municipal Tax on Onerous Property Transfers and IS: Stamp Duty. This is a tax paid whenever there is a change in ownership of the property, it varies depending on the acquisition value or the asset value (it is always considered the highest), depending on ...","og_url":"https:\/\/casaecomigoimobiliaria.pt\/en\/imt\/","og_site_name":"Casa \u00e9 Comigo Real Estate","article_modified_time":"2022-08-18T12:02:05+00:00","twitter_card":"summary_large_image","twitter_misc":{"Est. reading time":"1 minute"},"schema":{"@context":"https:\/\/schema.org","@graph":[{"@type":"WebPage","@id":"https:\/\/casaecomigoimobiliaria.pt\/en\/imt\/","url":"https:\/\/casaecomigoimobiliaria.pt\/en\/imt\/","name":"IMT - Casa \u00e9 Comigo Real Estate","isPartOf":{"@id":"https:\/\/casaecomigoimobiliaria.pt\/#website"},"datePublished":"2022-08-08T12:29:15+00:00","dateModified":"2022-08-18T12:02:05+00:00","breadcrumb":{"@id":"https:\/\/casaecomigoimobiliaria.pt\/en\/imt\/#breadcrumb"},"inLanguage":"en-US","potentialAction":[{"@type":"ReadAction","target":["https:\/\/casaecomigoimobiliaria.pt\/en\/imt\/"]}]},{"@type":"BreadcrumbList","@id":"https:\/\/casaecomigoimobiliaria.pt\/en\/imt\/#breadcrumb","itemListElement":[{"@type":"ListItem","position":1,"name":"Home","item":"https:\/\/casaecomigoimobiliaria.pt\/en\/"},{"@type":"ListItem","position":2,"name":"IMT"}]},{"@type":"WebSite","@id":"https:\/\/casaecomigoimobiliaria.pt\/#website","url":"https:\/\/casaecomigoimobiliaria.pt\/","name":"Casa \u00e9 Comigo Real Estate","description":"Casa \u00e9 Comigo Real Estate - Ponta Delgada, S\u00e3o Miguel - A\u00e7ores","potentialAction":[{"@type":"SearchAction","target":{"@type":"EntryPoint","urlTemplate":"https:\/\/casaecomigoimobiliaria.pt\/?s={search_term_string}"},"query-input":"required name=search_term_string"}],"inLanguage":"en-US"}]}},"_links":{"self":[{"href":"https:\/\/casaecomigoimobiliaria.pt\/en\/wp-json\/wp\/v2\/pages\/30216"}],"collection":[{"href":"https:\/\/casaecomigoimobiliaria.pt\/en\/wp-json\/wp\/v2\/pages"}],"about":[{"href":"https:\/\/casaecomigoimobiliaria.pt\/en\/wp-json\/wp\/v2\/types\/page"}],"author":[{"embeddable":true,"href":"https:\/\/casaecomigoimobiliaria.pt\/en\/wp-json\/wp\/v2\/users\/1"}],"replies":[{"embeddable":true,"href":"https:\/\/casaecomigoimobiliaria.pt\/en\/wp-json\/wp\/v2\/comments?post=30216"}],"version-history":[{"count":15,"href":"https:\/\/casaecomigoimobiliaria.pt\/en\/wp-json\/wp\/v2\/pages\/30216\/revisions"}],"predecessor-version":[{"id":30896,"href":"https:\/\/casaecomigoimobiliaria.pt\/en\/wp-json\/wp\/v2\/pages\/30216\/revisions\/30896"}],"wp:attachment":[{"href":"https:\/\/casaecomigoimobiliaria.pt\/en\/wp-json\/wp\/v2\/media?parent=30216"}],"curies":[{"name":"wp","href":"https:\/\/api.w.org\/{rel}","templated":true}]}}