{"id":30225,"date":"2022-08-09T10:05:56","date_gmt":"2022-08-09T10:05:56","guid":{"rendered":"https:\/\/casaecomigoimobiliaria.pt\/equipa\/"},"modified":"2022-08-17T11:01:18","modified_gmt":"2022-08-17T11:01:18","slug":"team","status":"publish","type":"page","link":"https:\/\/casaecomigoimobiliaria.pt\/en\/team\/","title":{"rendered":"Team"},"content":{"rendered":"\t\t<div data-elementor-type=\"wp-page\" data-elementor-id=\"30225\" class=\"elementor elementor-30225 elementor-30126\">\n\t\t\t\t\t\t\t\t\t<section class=\"elementor-section elementor-top-section elementor-element elementor-element-7788c4f7 animated-slow elementor-section-content-middle elementor-section-stretched elementor-section-boxed elementor-section-height-default elementor-section-height-default elementor-invisible\" data-id=\"7788c4f7\" data-element_type=\"section\" data-settings=\"{&quot;background_background&quot;:&quot;classic&quot;,&quot;animation&quot;:&quot;fadeIn&quot;,&quot;stretch_section&quot;:&quot;section-stretched&quot;}\">\n\t\t\t\t\t\t\t<div class=\"elementor-background-overlay\"><\/div>\n\t\t\t\t\t\t\t<div class=\"elementor-container elementor-column-gap-no\">\n\t\t\t\t\t<div class=\"elementor-column elementor-col-100 elementor-top-column elementor-element elementor-element-609c907f\" data-id=\"609c907f\" data-element_type=\"column\" data-settings=\"{&quot;background_background&quot;:&quot;classic&quot;}\">\n\t\t\t<div class=\"elementor-widget-wrap elementor-element-populated\">\n\t\t\t\t\t\t\t\t<div class=\"elementor-element elementor-element-2a55c000 elementor-widget elementor-widget-heading\" data-id=\"2a55c000\" data-element_type=\"widget\" data-widget_type=\"heading.default\">\n\t\t\t\t<div class=\"elementor-widget-container\">\n\t\t\t<style>\/*! elementor - v3.6.6 - 08-06-2022 *\/\n.elementor-heading-title{padding:0;margin:0;line-height:1}.elementor-widget-heading .elementor-heading-title[class*=elementor-size-]>a{color:inherit;font-size:inherit;line-height:inherit}.elementor-widget-heading .elementor-heading-title.elementor-size-small{font-size:15px}.elementor-widget-heading .elementor-heading-title.elementor-size-medium{font-size:19px}.elementor-widget-heading .elementor-heading-title.elementor-size-large{font-size:29px}.elementor-widget-heading .elementor-heading-title.elementor-size-xl{font-size:39px}.elementor-widget-heading .elementor-heading-title.elementor-size-xxl{font-size:59px}<\/style><h2 class=\"elementor-heading-title elementor-size-default\">Our Team<\/h2>\t\t<\/div>\n\t\t\t\t<\/div>\n\t\t\t\t<div class=\"elementor-element elementor-element-4b538ed5 elementor-widget elementor-widget-heading\" data-id=\"4b538ed5\" data-element_type=\"widget\" data-widget_type=\"heading.default\">\n\t\t\t\t<div class=\"elementor-widget-container\">\n\t\t\t<p class=\"elementor-heading-title elementor-size-default\">\u201cComing together is a good start, staying together is progress, and working together is VICTORY\u201d - Henry Ford<\/p>\t\t<\/div>\n\t\t\t\t<\/div>\n\t\t\t\t\t<\/div>\n\t\t<\/div>\n\t\t\t\t\t\t\t<\/div>\n\t\t<\/section>\n\t\t\t\t<section class=\"elementor-section elementor-top-section elementor-element elementor-element-473ec5d2 elementor-section-stretched elementor-section-boxed elementor-section-height-default elementor-section-height-default\" data-id=\"473ec5d2\" data-element_type=\"section\" data-settings=\"{&quot;background_background&quot;:&quot;classic&quot;,&quot;stretch_section&quot;:&quot;section-stretched&quot;}\">\n\t\t\t\t\t\t<div class=\"elementor-container elementor-column-gap-default\">\n\t\t\t\t\t<div class=\"elementor-column elementor-col-100 elementor-top-column elementor-element elementor-element-48fed9b1\" data-id=\"48fed9b1\" data-element_type=\"column\">\n\t\t\t<div class=\"elementor-widget-wrap elementor-element-populated\">\n\t\t\t\t\t\t\t\t<section class=\"elementor-section elementor-inner-section elementor-element elementor-element-52632825 elementor-section-boxed elementor-section-height-default elementor-section-height-default\" data-id=\"52632825\" data-element_type=\"section\">\n\t\t\t\t\t\t<div class=\"elementor-container elementor-column-gap-default\">\n\t\t\t\t\t<div class=\"elementor-column elementor-col-100 elementor-inner-column elementor-element elementor-element-4d53dfd3\" data-id=\"4d53dfd3\" data-element_type=\"column\">\n\t\t\t<div class=\"elementor-widget-wrap elementor-element-populated\">\n\t\t\t\t\t\t\t\t<div class=\"elementor-element elementor-element-44e930a elementor-invisible elementor-widget elementor-widget-heading\" data-id=\"44e930a\" data-element_type=\"widget\" data-settings=\"{&quot;_animation&quot;:&quot;fadeIn&quot;,&quot;_animation_delay&quot;:200}\" data-widget_type=\"heading.default\">\n\t\t\t\t<div class=\"elementor-widget-container\">\n\t\t\t<h2 class=\"elementor-heading-title elementor-size-default\">Team<\/h2>\t\t<\/div>\n\t\t\t\t<\/div>\n\t\t\t\t\t<\/div>\n\t\t<\/div>\n\t\t\t\t\t\t\t<\/div>\n\t\t<\/section>\n\t\t\t\t<div class=\"elementor-element elementor-element-2357475 elementor-invisible elementor-widget elementor-widget-WpResidence_List_Agents\" data-id=\"2357475\" data-element_type=\"widget\" data-settings=\"{&quot;_animation&quot;:&quot;fadeIn&quot;,&quot;_animation_delay&quot;:200}\" data-widget_type=\"WpResidence_List_Agents.default\">\n\t\t\t\t<div class=\"elementor-widget-container\">\n\t\t\t<div class=\"article_container bottom-estate_agent nobutton\" ><div class=\"col-md-4 listing_wrapper\">    <div class=\"agent_unit\">\n        <div class=\"agent-unit-img-wrapper\">\n            \n\n\n\n                        <img src=\"https:\/\/casaecomigoimobiliaria.pt\/wp-content\/uploads\/2022\/08\/paulo-pinto-diretor-de-agencia-2.png\" class=\"lazyload img-responsive wp-post-image\" alt=\"\" loading=\"lazy\">\n        <\/div>\n\n\n        <h4>Paulo Pinto<\/h4><div class=\"agent_position\">Agency Director<\/div>\n\n\n        <div class=\"social_agent_list\">\n\n\n               <div class=\"icon phone\"><i class=\"fas fa-phone\"><\/i> <a href=\"javascript:;\" rel=\"noopener\" >296 702 050<\/a> \/ <a href=\"javascript:;\" rel=\"noopener\" > 911 849 898<\/a><\/div><div class=\"icon email\"><i class=\"fas fa-envelope\"><\/i> <a href=\"mailto:paulo.pinto@casaecomigoimobiliaria.pt\" rel=\"noopener\" >paulo.pinto@casaecomigoimobiliaria.pt<\/a><\/div>\n        <\/div>\n    <\/div>\n<!-- <\/div>    -->\n<\/div><div class=\"col-md-4 listing_wrapper\">    <div class=\"agent_unit\">\n        <div class=\"agent-unit-img-wrapper\">\n            \n\n\n\n                        <img src=\"https:\/\/casaecomigoimobiliaria.pt\/wp-content\/uploads\/2022\/08\/a7i01073.png\" class=\"lazyload img-responsive wp-post-image\" alt=\"\" loading=\"lazy\">\n        <\/div>\n\n\n        <h4>Jorge Tavares<\/h4><div class=\"agent_position\">Real Estate Agent<\/div>\n\n\n        <div class=\"social_agent_list\">\n\n\n               <div class=\"icon phone\"><i class=\"fas fa-phone\"><\/i> <a href=\"javascript:;\" rel=\"noopener\" >296 702 050<\/a> \/ <a href=\"javascript:;\" rel=\"noopener\" > 917 677 735<\/a><\/div><div class=\"icon email\"><i class=\"fas fa-envelope\"><\/i> <a href=\"mailto:jorge.tavares@casaecomigoimobiliaria.pt\" rel=\"noopener\" >jorge.tavares@casaecomigoimobiliaria.pt<\/a><\/div>\n        <\/div>\n    <\/div>\n<!-- <\/div>    -->\n<\/div><div class=\"col-md-4 listing_wrapper\">    <div class=\"agent_unit\">\n        <div class=\"agent-unit-img-wrapper\">\n            \n\n\n\n                        <img src=\"https:\/\/casaecomigoimobiliaria.pt\/wp-content\/uploads\/2024\/06\/imagem-whatsapp-2024-06-11-as-115310-752b75c0-e1718107431782.png\" class=\"lazyload img-responsive wp-post-image\" alt=\"\" loading=\"lazy\">\n        <\/div>\n\n\n        <h4>Cristina Amaral<\/h4><div class=\"agent_position\">Real Estate Agent<\/div>\n\n\n        <div class=\"social_agent_list\">\n\n\n               <div class=\"icon phone\"><i class=\"fas fa-phone\"><\/i> <a href=\"javascript:;\" rel=\"noopener\" >296 702 050<\/a> \/ <a href=\"javascript:;\" rel=\"noopener\" > 918 184 049<\/a><\/div><div class=\"icon email\"><i class=\"fas fa-envelope\"><\/i> <a href=\"mailto:cristina.amaral@casaecomigoimobiliaria.pt\" rel=\"noopener\" >cristina.amaral@casaecomigoimobiliaria.pt<\/a><\/div>\n        <\/div>\n    <\/div>\n<!-- <\/div>    -->\n<\/div><div class=\"col-md-4 listing_wrapper\">    <div class=\"agent_unit\">\n        <div class=\"agent-unit-img-wrapper\">\n            \n\n\n\n                        <img src=\"https:\/\/casaecomigoimobiliaria.pt\/wp-content\/uploads\/2024\/02\/carlos-e1708627142429.png\" class=\"lazyload img-responsive wp-post-image\" alt=\"\" loading=\"lazy\">\n        <\/div>\n\n\n        <h4>Carlos Lima<\/h4><div class=\"agent_position\">Real Estate Agent<\/div>\n\n\n        <div class=\"social_agent_list\">\n\n\n               <div class=\"icon phone\"><i class=\"fas fa-phone\"><\/i> <a href=\"javascript:;\" rel=\"noopener\" >296 702 050<\/a> \/ <a href=\"javascript:;\" rel=\"noopener\" > 911 097 595<\/a><\/div><div class=\"icon email\"><i class=\"fas fa-envelope\"><\/i> <a href=\"mailto:carlos.lima@casaecomigoimobiliaria.pt\" rel=\"noopener\" >carlos.lima@casaecomigoimobiliaria.pt<\/a><\/div>\n        <\/div>\n    <\/div>\n<!-- <\/div>    -->\n<\/div><div class=\"col-md-4 listing_wrapper\">    <div class=\"agent_unit\">\n        <div class=\"agent-unit-img-wrapper\">\n            \n\n\n\n                        <img src=\"https:\/\/casaecomigoimobiliaria.pt\/wp-content\/uploads\/2025\/10\/935-495-493.png\" class=\"lazyload img-responsive wp-post-image\" alt=\"\" loading=\"lazy\">\n        <\/div>\n\n\n        <h4>R\u00faben Cabral<\/h4><div class=\"agent_position\">Real Estate Agent<\/div>\n\n\n        <div class=\"social_agent_list\">\n\n\n               <div class=\"icon phone\"><i class=\"fas fa-phone\"><\/i> <a href=\"javascript:;\" rel=\"noopener\" >296 702 050<\/a> \/ <a href=\"javascript:;\" rel=\"noopener\" > 935 495 493<\/a><\/div>\n        <\/div>\n    <\/div>\n<!-- <\/div>    -->\n<\/div><div class=\"col-md-4 listing_wrapper\">    <div class=\"agent_unit\">\n        <div class=\"agent-unit-img-wrapper\">\n            \n\n\n\n                        <img src=\"https:\/\/casaecomigoimobiliaria.pt\/wp-content\/uploads\/2025\/09\/vanda-site.png\" class=\"lazyload img-responsive wp-post-image\" alt=\"\" loading=\"lazy\">\n        <\/div>\n\n\n        <h4>Vanda Medeiros<\/h4><div class=\"agent_position\">Process Management<\/div>\n\n\n        <div class=\"social_agent_list\">\n\n\n               <div class=\"icon phone\"><i class=\"fas fa-phone\"><\/i> <a href=\"javascript:;\" rel=\"noopener\" >296 702 050<\/a> \/ <a href=\"javascript:;\" rel=\"noopener\" > 911 849 898<\/a><\/div><div class=\"icon email\"><i class=\"fas fa-envelope\"><\/i> <a href=\"mailto:geral@casaecomigoimobiliaria.pt\" rel=\"noopener\" >geral@casaecomigoimobiliaria.pt<\/a><\/div>\n        <\/div>\n    <\/div>\n<!-- <\/div>    -->\n<\/div><div class=\"col-md-4 listing_wrapper\">    <div class=\"agent_unit\">\n        <div class=\"agent-unit-img-wrapper\">\n            \n\n\n\n                        <img src=\"https:\/\/casaecomigoimobiliaria.pt\/wp-content\/uploads\/2025\/09\/sara-site1.png\" class=\"lazyload img-responsive wp-post-image\" alt=\"\" loading=\"lazy\">\n        <\/div>\n\n\n        <h4>Sara Melo<\/h4><div class=\"agent_position\">Customer Management<\/div>\n\n\n        <div class=\"social_agent_list\">\n\n\n               <div class=\"icon phone\"><i class=\"fas fa-phone\"><\/i> <a href=\"javascript:;\" rel=\"noopener\" >296 702 050<\/a> \/ <a href=\"javascript:;\" rel=\"noopener\" > 911 849 898<\/a><\/div><div class=\"icon email\"><i class=\"fas fa-envelope\"><\/i> <a href=\"mailto:geral@casaecomigoimobiliaria.pt\" rel=\"noopener\" >geral@casaecomigoimobiliaria.pt<\/a><\/div>\n        <\/div>\n    <\/div>\n<!-- <\/div>    -->\n<\/div><div class=\"col-md-4 listing_wrapper\">    <div class=\"agent_unit\">\n        <div class=\"agent-unit-img-wrapper\">\n            \n\n\n\n                        <img src=\"https:\/\/casaecomigoimobiliaria.pt\/wp-content\/uploads\/2025\/09\/nina-site.png\" class=\"lazyload img-responsive wp-post-image\" alt=\"\" loading=\"lazy\">\n        <\/div>\n\n\n        <h4>Nina Silva<\/h4><div class=\"agent_position\">Customer Management<\/div>\n\n\n        <div class=\"social_agent_list\">\n\n\n               <div class=\"icon phone\"><i class=\"fas fa-phone\"><\/i> <a href=\"javascript:;\" rel=\"noopener\" >296 702 050<\/a> \/ <a href=\"javascript:;\" rel=\"noopener\" > 911 849 898<\/a><\/div><div class=\"icon email\"><i class=\"fas fa-envelope\"><\/i> <a href=\"mailto:geral@casaecomigoimobiliaria.pt\" rel=\"noopener\" >geral@casaecomigoimobiliaria.pt<\/a><\/div>\n        <\/div>\n    <\/div>\n<!-- <\/div>    -->\n<\/div><\/div>\t\t<\/div>\n\t\t\t\t<\/div>\n\t\t\t\t<div class=\"elementor-element elementor-element-3be50df elementor-align-center elementor-invisible elementor-widget elementor-widget-button\" data-id=\"3be50df\" data-element_type=\"widget\" data-settings=\"{&quot;_animation&quot;:&quot;fadeInDown&quot;}\" data-widget_type=\"button.default\">\n\t\t\t\t<div class=\"elementor-widget-container\">\n\t\t\t\t\t<div class=\"elementor-button-wrapper\">\n\t\t\t<a href=\"https:\/\/casaecomigoimobiliaria.pt\/en\/career\/\" class=\"elementor-button-link elementor-button elementor-size-md\" role=\"button\" id=\"btfacaparteequipa\">\n\t\t\t\t\t\t<span class=\"elementor-button-content-wrapper\">\n\t\t\t\t\t\t<span class=\"elementor-button-text\">Be Part Of Our Team<\/span>\n\t\t<\/span>\n\t\t\t\t\t<\/a>\n\t\t<\/div>\n\t\t\t\t<\/div>\n\t\t\t\t<\/div>\n\t\t\t\t\t<\/div>\n\t\t<\/div>\n\t\t\t\t\t\t\t<\/div>\n\t\t<\/section>\n\t\t\t\t\t\t\t<\/div>\n\t\t","protected":false},"excerpt":{"rendered":"<p>Our Team \u201cComing together is a good start, staying together is progress, and working together is VICTORY\u201d &#8211; Henry Ford Team Tiago Martins Agente Imobili\u00e1rio 296 702 050 \/ 910 406 882 tiago.martins@casaecomigoimobiliaria.pt T\u00e2nia Ponte Agente Imobili\u00e1rio 296 702 050 \/ 968 581 545 tania.ponte@casaecomigoimobiliaria.pt Rosa Castro Agente Imobili\u00e1rio 296 702 050 \/ 965 381 396 rosa.castro@casaecomigoimobiliaria.pt Paulo Silva Agente Imobili\u00e1rio 296 702 050 &#8230;<\/p>\n","protected":false},"author":1,"featured_media":0,"parent":0,"menu_order":0,"comment_status":"closed","ping_status":"closed","template":"","meta":{"inline_featured_image":false},"acf":[],"yoast_head":"<!-- This site is optimized with the Yoast SEO plugin v19.5.1 - https:\/\/yoast.com\/wordpress\/plugins\/seo\/ -->\n<title>Team - Casa \u00e9 Comigo Real Estate<\/title>\n<meta name=\"robots\" content=\"index, follow, max-snippet:-1, max-image-preview:large, max-video-preview:-1\" \/>\n<link rel=\"canonical\" href=\"https:\/\/casaecomigoimobiliaria.pt\/en\/team\/\" \/>\n<meta property=\"og:locale\" content=\"en_US\" \/>\n<meta property=\"og:type\" content=\"article\" \/>\n<meta property=\"og:title\" content=\"Team - Casa \u00e9 Comigo Real Estate\" \/>\n<meta property=\"og:description\" content=\"Our Team \u201cComing together is a good start, staying together is progress, and working together is VICTORY\u201d &#8211; Henry Ford Team Tiago Martins Agente Imobili\u00e1rio 296 702 050 \/ 910 406 882 tiago.martins@casaecomigoimobiliaria.pt T\u00e2nia Ponte Agente Imobili\u00e1rio 296 702 050 \/ 968 581 545 tania.ponte@casaecomigoimobiliaria.pt Rosa Castro Agente Imobili\u00e1rio 296 702 050 \/ 965 381 396 rosa.castro@casaecomigoimobiliaria.pt Paulo Silva Agente Imobili\u00e1rio 296 702 050 ...\" \/>\n<meta property=\"og:url\" content=\"https:\/\/casaecomigoimobiliaria.pt\/en\/team\/\" \/>\n<meta property=\"og:site_name\" content=\"Casa \u00e9 Comigo Real Estate\" \/>\n<meta property=\"article:modified_time\" content=\"2022-08-17T11:01:18+00:00\" \/>\n<meta property=\"og:image\" content=\"https:\/\/casaecomigoimobiliaria.pt\/wp-content\/uploads\/2022\/08\/tiago-martins-agente-imobiliario.png\" \/>\n<meta name=\"twitter:card\" content=\"summary_large_image\" \/>\n<meta name=\"twitter:label1\" content=\"Est. reading time\" \/>\n\t<meta name=\"twitter:data1\" content=\"1 minute\" \/>\n<script type=\"application\/ld+json\" class=\"yoast-schema-graph\">{\"@context\":\"https:\/\/schema.org\",\"@graph\":[{\"@type\":\"WebPage\",\"@id\":\"https:\/\/casaecomigoimobiliaria.pt\/en\/team\/\",\"url\":\"https:\/\/casaecomigoimobiliaria.pt\/en\/team\/\",\"name\":\"Team - Casa \u00e9 Comigo Real Estate\",\"isPartOf\":{\"@id\":\"https:\/\/casaecomigoimobiliaria.pt\/#website\"},\"datePublished\":\"2022-08-09T10:05:56+00:00\",\"dateModified\":\"2022-08-17T11:01:18+00:00\",\"breadcrumb\":{\"@id\":\"https:\/\/casaecomigoimobiliaria.pt\/en\/team\/#breadcrumb\"},\"inLanguage\":\"en-US\",\"potentialAction\":[{\"@type\":\"ReadAction\",\"target\":[\"https:\/\/casaecomigoimobiliaria.pt\/en\/team\/\"]}]},{\"@type\":\"BreadcrumbList\",\"@id\":\"https:\/\/casaecomigoimobiliaria.pt\/en\/team\/#breadcrumb\",\"itemListElement\":[{\"@type\":\"ListItem\",\"position\":1,\"name\":\"Home\",\"item\":\"https:\/\/casaecomigoimobiliaria.pt\/en\/\"},{\"@type\":\"ListItem\",\"position\":2,\"name\":\"Team\"}]},{\"@type\":\"WebSite\",\"@id\":\"https:\/\/casaecomigoimobiliaria.pt\/#website\",\"url\":\"https:\/\/casaecomigoimobiliaria.pt\/\",\"name\":\"Casa \u00e9 Comigo Real Estate\",\"description\":\"Casa \u00e9 Comigo Real Estate - Ponta Delgada, S\u00e3o Miguel - A\u00e7ores\",\"potentialAction\":[{\"@type\":\"SearchAction\",\"target\":{\"@type\":\"EntryPoint\",\"urlTemplate\":\"https:\/\/casaecomigoimobiliaria.pt\/?s={search_term_string}\"},\"query-input\":\"required name=search_term_string\"}],\"inLanguage\":\"en-US\"}]}<\/script>\n<!-- \/ Yoast SEO plugin. -->","yoast_head_json":{"title":"Team - Casa \u00e9 Comigo Real Estate","robots":{"index":"index","follow":"follow","max-snippet":"max-snippet:-1","max-image-preview":"max-image-preview:large","max-video-preview":"max-video-preview:-1"},"canonical":"https:\/\/casaecomigoimobiliaria.pt\/en\/team\/","og_locale":"en_US","og_type":"article","og_title":"Team - Casa \u00e9 Comigo Real Estate","og_description":"Our Team \u201cComing together is a good start, staying together is progress, and working together is VICTORY\u201d &#8211; Henry Ford Team Tiago Martins Agente Imobili\u00e1rio 296 702 050 \/ 910 406 882 tiago.martins@casaecomigoimobiliaria.pt T\u00e2nia Ponte Agente Imobili\u00e1rio 296 702 050 \/ 968 581 545 tania.ponte@casaecomigoimobiliaria.pt Rosa Castro Agente Imobili\u00e1rio 296 702 050 \/ 965 381 396 rosa.castro@casaecomigoimobiliaria.pt Paulo Silva Agente Imobili\u00e1rio 296 702 050 ...","og_url":"https:\/\/casaecomigoimobiliaria.pt\/en\/team\/","og_site_name":"Casa \u00e9 Comigo Real Estate","article_modified_time":"2022-08-17T11:01:18+00:00","og_image":[{"url":"https:\/\/casaecomigoimobiliaria.pt\/wp-content\/uploads\/2022\/08\/tiago-martins-agente-imobiliario.png"}],"twitter_card":"summary_large_image","twitter_misc":{"Est. reading time":"1 minute"},"schema":{"@context":"https:\/\/schema.org","@graph":[{"@type":"WebPage","@id":"https:\/\/casaecomigoimobiliaria.pt\/en\/team\/","url":"https:\/\/casaecomigoimobiliaria.pt\/en\/team\/","name":"Team - Casa \u00e9 Comigo Real Estate","isPartOf":{"@id":"https:\/\/casaecomigoimobiliaria.pt\/#website"},"datePublished":"2022-08-09T10:05:56+00:00","dateModified":"2022-08-17T11:01:18+00:00","breadcrumb":{"@id":"https:\/\/casaecomigoimobiliaria.pt\/en\/team\/#breadcrumb"},"inLanguage":"en-US","potentialAction":[{"@type":"ReadAction","target":["https:\/\/casaecomigoimobiliaria.pt\/en\/team\/"]}]},{"@type":"BreadcrumbList","@id":"https:\/\/casaecomigoimobiliaria.pt\/en\/team\/#breadcrumb","itemListElement":[{"@type":"ListItem","position":1,"name":"Home","item":"https:\/\/casaecomigoimobiliaria.pt\/en\/"},{"@type":"ListItem","position":2,"name":"Team"}]},{"@type":"WebSite","@id":"https:\/\/casaecomigoimobiliaria.pt\/#website","url":"https:\/\/casaecomigoimobiliaria.pt\/","name":"Casa \u00e9 Comigo Real Estate","description":"Casa \u00e9 Comigo Real Estate - Ponta Delgada, S\u00e3o Miguel - A\u00e7ores","potentialAction":[{"@type":"SearchAction","target":{"@type":"EntryPoint","urlTemplate":"https:\/\/casaecomigoimobiliaria.pt\/?s={search_term_string}"},"query-input":"required name=search_term_string"}],"inLanguage":"en-US"}]}},"_links":{"self":[{"href":"https:\/\/casaecomigoimobiliaria.pt\/en\/wp-json\/wp\/v2\/pages\/30225"}],"collection":[{"href":"https:\/\/casaecomigoimobiliaria.pt\/en\/wp-json\/wp\/v2\/pages"}],"about":[{"href":"https:\/\/casaecomigoimobiliaria.pt\/en\/wp-json\/wp\/v2\/types\/page"}],"author":[{"embeddable":true,"href":"https:\/\/casaecomigoimobiliaria.pt\/en\/wp-json\/wp\/v2\/users\/1"}],"replies":[{"embeddable":true,"href":"https:\/\/casaecomigoimobiliaria.pt\/en\/wp-json\/wp\/v2\/comments?post=30225"}],"version-history":[{"count":13,"href":"https:\/\/casaecomigoimobiliaria.pt\/en\/wp-json\/wp\/v2\/pages\/30225\/revisions"}],"predecessor-version":[{"id":30815,"href":"https:\/\/casaecomigoimobiliaria.pt\/en\/wp-json\/wp\/v2\/pages\/30225\/revisions\/30815"}],"wp:attachment":[{"href":"https:\/\/casaecomigoimobiliaria.pt\/en\/wp-json\/wp\/v2\/media?parent=30225"}],"curies":[{"name":"wp","href":"https:\/\/api.w.org\/{rel}","templated":true}]}}